{"id":597,"date":"2022-09-21T06:47:50","date_gmt":"2022-09-21T06:47:50","guid":{"rendered":"https:\/\/themexriver.com\/wp\/bloxic\/?page_id=597"},"modified":"2025-11-30T18:17:09","modified_gmt":"2025-11-30T18:17:09","slug":"contact","status":"publish","type":"page","link":"https:\/\/mhkdecor.de\/en\/contact\/","title":{"rendered":"Contact"},"content":{"rendered":"<div data-elementor-type=\"wp-page\" data-elementor-id=\"597\" class=\"elementor elementor-597\">\n\t\t\t\t\t\t<section class=\"elementor-section elementor-top-section elementor-element elementor-element-f0e595b elementor-section-full_width elementor-section-height-default elementor-section-height-default\" data-id=\"f0e595b\" data-element_type=\"section\">\n\t\t\t\t\t\t<div class=\"elementor-container elementor-column-gap-no\">\n\t\t\t\t\t<div class=\"elementor-column elementor-col-100 elementor-top-column elementor-element elementor-element-7730913\" data-id=\"7730913\" data-element_type=\"column\">\n\t\t\t<div class=\"elementor-widget-wrap elementor-element-populated\">\n\t\t\t\t\t\t<div class=\"elementor-element elementor-element-7aabf77 elementor-widget elementor-widget-blox-breadcrumb-id\" data-id=\"7aabf77\" data-element_type=\"widget\" data-widget_type=\"blox-breadcrumb-id.default\">\n\t\t\t\t<div class=\"elementor-widget-container\">\n\t\t\t\t\t    <!-- Page Title -->\r\n    <section class=\"page-title\">\r\n        <div class=\"auto-container\">\r\n\t\t\t<h2>\r\n                Kontaktieren Sie uns            <\/h2>\r\n\t\t\t<ul class=\"bread-crumb clearfix\"><li><a href=\"https:\/\/mhkdecor.de\/en\/\">Home &nbsp;<\/a><\/li><li><a href=\"https:\/\/mhkdecor.de\/en\/contact\/\">Contact<\/a><\/li><\/ul>        <\/div>\r\n    <\/section>\r\n    <!-- End Page Title -->\r\n    \t\t\t\t<\/div>\n\t\t\t\t<\/div>\n\t\t\t\t\t<\/div>\n\t\t<\/div>\n\t\t\t\t\t<\/div>\n\t\t<\/section>\n\t\t\t\t<section class=\"elementor-section elementor-top-section elementor-element elementor-element-66545b5 elementor-section-boxed elementor-section-height-default elementor-section-height-default\" data-id=\"66545b5\" data-element_type=\"section\">\n\t\t\t\t\t\t<div class=\"elementor-container elementor-column-gap-default\">\n\t\t\t\t\t<div class=\"elementor-column elementor-col-33 elementor-top-column elementor-element elementor-element-7fe15d0\" data-id=\"7fe15d0\" data-element_type=\"column\">\n\t\t\t<div class=\"elementor-widget-wrap elementor-element-populated\">\n\t\t\t\t\t\t<div class=\"elementor-element elementor-element-6b2566e elementor-widget elementor-widget-blox-contact-info-box-id\" data-id=\"6b2566e\" data-element_type=\"widget\" data-widget_type=\"blox-contact-info-box-id.default\">\n\t\t\t\t<div class=\"elementor-widget-container\">\n\t\t\t\t\t    <!-- Contact Page Section -->\r\n    <div class=\"contact-page-section\">\r\n    \t<!-- Info Box -->\r\n        <div class=\"info-box\">\r\n            <div class=\"box-inner d-flex align-items-center\">\r\n                <div class=\"icon\">\r\n                    <i aria-hidden=\"true\" class=\"flaticon flaticon-email-1\"><\/i>                <\/div>\r\n                <div class=\"content\">\r\n                    <strong>E-Mail Adresse<\/strong>\r\n                    <p><a href=\"mailto:http:\/\/info@mhkdecor.de\">info@mhkdecor.de<\/a><\/p>                <\/div>\r\n            <\/div>\r\n        <\/div>\r\n\t<\/div>\r\n\t<!-- End Contact Page Section -->\r\n    \t\t\t\t<\/div>\n\t\t\t\t<\/div>\n\t\t\t\t<div class=\"elementor-element elementor-element-8d7dfe5 elementor-widget elementor-widget-blox-contact-info-box-id\" data-id=\"8d7dfe5\" data-element_type=\"widget\" data-widget_type=\"blox-contact-info-box-id.default\">\n\t\t\t\t<div class=\"elementor-widget-container\">\n\t\t\t\t\t    <!-- Contact Page Section -->\r\n    <div class=\"contact-page-section\">\r\n    \t<!-- Info Box -->\r\n        <div class=\"info-box\">\r\n            <div class=\"box-inner d-flex align-items-center\">\r\n                <div class=\"icon\">\r\n                    <i aria-hidden=\"true\" class=\"flaticon flaticon-map\"><\/i>                <\/div>\r\n                <div class=\"content\">\r\n                    <strong>B\u00fcroadresse<\/strong>\r\n                    <ul class=\"contact-list\"><li>MHK Design Haus K\u00f6tzschener Weg 2-4 06237 Leuna<\/li><\/ul>                <\/div>\r\n            <\/div>\r\n        <\/div>\r\n\t<\/div>\r\n\t<!-- End Contact Page Section -->\r\n    \t\t\t\t<\/div>\n\t\t\t\t<\/div>\n\t\t\t\t<div class=\"elementor-element elementor-element-3455852 elementor-widget elementor-widget-blox-contact-info-box-id\" data-id=\"3455852\" data-element_type=\"widget\" data-widget_type=\"blox-contact-info-box-id.default\">\n\t\t\t\t<div class=\"elementor-widget-container\">\n\t\t\t\t\t    <!-- Contact Page Section -->\r\n    <div class=\"contact-page-section\">\r\n    \t<!-- Info Box -->\r\n        <div class=\"info-box\">\r\n            <div class=\"box-inner d-flex align-items-center\">\r\n                <div class=\"icon\">\r\n                    <i aria-hidden=\"true\" class=\"flaticon flaticon-call\"><\/i>                <\/div>\r\n                <div class=\"content\">\r\n                    <strong>B\u00fcrotelefon<\/strong>\r\n                    <p>+4915565028185<\/p>                <\/div>\r\n            <\/div>\r\n        <\/div>\r\n\t<\/div>\r\n\t<!-- End Contact Page Section -->\r\n    \t\t\t\t<\/div>\n\t\t\t\t<\/div>\n\t\t\t\t\t<\/div>\n\t\t<\/div>\n\t\t\t\t<div class=\"elementor-column elementor-col-66 elementor-top-column elementor-element elementor-element-f74671a\" data-id=\"f74671a\" data-element_type=\"column\">\n\t\t\t<div class=\"elementor-widget-wrap elementor-element-populated\">\n\t\t\t\t\t\t<div class=\"elementor-element elementor-element-ad1ee72 elementor-widget elementor-widget-google_maps\" data-id=\"ad1ee72\" data-element_type=\"widget\" data-widget_type=\"google_maps.default\">\n\t\t\t\t<div class=\"elementor-widget-container\">\n\t\t\t\t\t\t\t<div class=\"elementor-custom-embed\">\n\t\t\t<iframe loading=\"lazy\"\n\t\t\t\t\tsrc=\"https:\/\/maps.google.com\/maps?q=Heldisheim&#038;t=m&#038;z=2&#038;output=embed&#038;iwloc=near\"\n\t\t\t\t\ttitle=\"Heldisheim\"\n\t\t\t\t\taria-label=\"Heldisheim\"\n\t\t\t><\/iframe>\n\t\t<\/div>\n\t\t\t\t\t\t<\/div>\n\t\t\t\t<\/div>\n\t\t\t\t\t<\/div>\n\t\t<\/div>\n\t\t\t\t\t<\/div>\n\t\t<\/section>\n\t\t\t\t<section class=\"elementor-section elementor-top-section elementor-element elementor-element-8cc2963 elementor-section-boxed elementor-section-height-default elementor-section-height-default\" data-id=\"8cc2963\" data-element_type=\"section\">\n\t\t\t\t\t\t<div class=\"elementor-container elementor-column-gap-default\">\n\t\t\t\t\t<div class=\"elementor-column elementor-col-100 elementor-top-column elementor-element elementor-element-6e2b970\" data-id=\"6e2b970\" data-element_type=\"column\">\n\t\t\t<div class=\"elementor-widget-wrap elementor-element-populated\">\n\t\t\t\t\t\t<div class=\"elementor-element elementor-element-5d71a91 elementor-widget elementor-widget-blox-contact-form-id\" data-id=\"5d71a91\" data-element_type=\"widget\" data-widget_type=\"blox-contact-form-id.default\">\n\t\t\t\t<div class=\"elementor-widget-container\">\n\t\t\t\t\t    <div class=\"contact-page-section\">\r\n        <div class=\"contact-boxed\">\r\n            <!-- Title Box -->\r\n            <div class=\"title-box\">\r\n                                    <h3>Schreiben Sie uns eine Nachricht<\/h3>\r\n                                <div class=\"text\">Ihre E-Mail-Adresse wird nicht ver\u00f6ffentlicht. Pflichtfelder sind mit * markiert *<\/div>\r\n            <\/div>\r\n            \r\n            <!-- Contact Form -->\r\n            <div class=\"contact-form\">\r\n                <div id=\"contact-form\">\r\n                    \n<div class=\"wpcf7 no-js\" id=\"wpcf7-f28-o1\" lang=\"en-US\" dir=\"ltr\" data-wpcf7-id=\"28\">\n<div class=\"screen-reader-response\"><p role=\"status\" aria-live=\"polite\" aria-atomic=\"true\"><\/p> <ul><\/ul><\/div>\n<form action=\"\/en\/wp-json\/wp\/v2\/pages\/597#wpcf7-f28-o1\" method=\"post\" class=\"wpcf7-form init\" aria-label=\"Contact form\" novalidate=\"novalidate\" data-status=\"init\" data-trp-original-action=\"\/en\/wp-json\/wp\/v2\/pages\/597#wpcf7-f28-o1\">\n<fieldset class=\"hidden-fields-container\"><input type=\"hidden\" name=\"_wpcf7\" value=\"28\" \/><input type=\"hidden\" name=\"_wpcf7_version\" value=\"6.1.4\" \/><input type=\"hidden\" name=\"_wpcf7_locale\" value=\"en_US\" \/><input type=\"hidden\" name=\"_wpcf7_unit_tag\" value=\"wpcf7-f28-o1\" \/><input type=\"hidden\" name=\"_wpcf7_container_post\" value=\"0\" \/><input type=\"hidden\" name=\"_wpcf7_posted_data_hash\" value=\"\" \/>\n<\/fieldset>\n<p><label> Your name<br \/>\n<span class=\"wpcf7-form-control-wrap\" data-name=\"your-name\"><input size=\"40\" maxlength=\"400\" class=\"wpcf7-form-control wpcf7-text wpcf7-validates-as-required\" autocomplete=\"name\" aria-required=\"true\" aria-invalid=\"false\" value=\"\" type=\"text\" name=\"your-name\" \/><\/span> <\/label>\n<\/p>\n<p><label> Your email<br \/>\n<span class=\"wpcf7-form-control-wrap\" data-name=\"your-email\"><input size=\"40\" maxlength=\"400\" class=\"wpcf7-form-control wpcf7-email wpcf7-validates-as-required wpcf7-text wpcf7-validates-as-email\" autocomplete=\"email\" aria-required=\"true\" aria-invalid=\"false\" value=\"\" type=\"email\" name=\"your-email\" \/><\/span> <\/label>\n<\/p>\n<p><label> Subject<br \/>\n<span class=\"wpcf7-form-control-wrap\" data-name=\"your-subject\"><input size=\"40\" maxlength=\"400\" class=\"wpcf7-form-control wpcf7-text wpcf7-validates-as-required\" aria-required=\"true\" aria-invalid=\"false\" value=\"\" type=\"text\" name=\"your-subject\" \/><\/span> <\/label>\n<\/p>\n<p><label> Your message (optional)<br \/>\n<span class=\"wpcf7-form-control-wrap\" data-name=\"your-message\"><textarea cols=\"40\" rows=\"10\" maxlength=\"2000\" class=\"wpcf7-form-control wpcf7-textarea\" aria-invalid=\"false\" name=\"your-message\"><\/textarea><\/span> <\/label>\n<\/p>\n<p><input class=\"wpcf7-form-control wpcf7-submit has-spinner\" type=\"submit\" value=\"Submit\" \/>\n<\/p><div class=\"wpcf7-response-output\" aria-hidden=\"true\"><\/div>\n<input type=\"hidden\" name=\"trp-form-language\" value=\"en\"\/><\/form>\n<\/div>\n                <\/div>\r\n            <\/div>\r\n            <!-- End Contact Form -->\r\n            \r\n        <\/div>\r\n    <\/div>\r\n    \r\n    \t\t\t\t<\/div>\n\t\t\t\t<\/div>\n\t\t\t\t\t<\/div>\n\t\t<\/div>\n\t\t\t\t\t<\/div>\n\t\t<\/section>\n\t\t\t\t<\/div>","protected":false},"excerpt":{"rendered":"<p>Kontaktieren Sie uns Home &nbsp; Contact E-Mail Adresse info@mhkdecor.de B\u00fcroadresse MHK Design Haus K\u00f6tzschener Weg 2-4 06237 Leuna B\u00fcrotelefon +4915565028185 Schreiben Sie uns eine Nachricht Ihre E-Mail-Adresse wird nicht ver\u00f6ffentlicht. Pflichtfelder sind mit * markiert * Your name Your email Subject Your message (optional)<\/p>","protected":false},"author":2,"featured_media":0,"parent":0,"menu_order":0,"comment_status":"closed","ping_status":"closed","template":"bloxic-template.php","meta":{"footnotes":""},"class_list":["post-597","page","type-page","status-publish","hentry"],"_links":{"self":[{"href":"https:\/\/mhkdecor.de\/en\/wp-json\/wp\/v2\/pages\/597","targetHints":{"allow":["GET"]}}],"collection":[{"href":"https:\/\/mhkdecor.de\/en\/wp-json\/wp\/v2\/pages"}],"about":[{"href":"https:\/\/mhkdecor.de\/en\/wp-json\/wp\/v2\/types\/page"}],"author":[{"embeddable":true,"href":"https:\/\/mhkdecor.de\/en\/wp-json\/wp\/v2\/users\/2"}],"replies":[{"embeddable":true,"href":"https:\/\/mhkdecor.de\/en\/wp-json\/wp\/v2\/comments?post=597"}],"version-history":[{"count":16,"href":"https:\/\/mhkdecor.de\/en\/wp-json\/wp\/v2\/pages\/597\/revisions"}],"predecessor-version":[{"id":2036,"href":"https:\/\/mhkdecor.de\/en\/wp-json\/wp\/v2\/pages\/597\/revisions\/2036"}],"wp:attachment":[{"href":"https:\/\/mhkdecor.de\/en\/wp-json\/wp\/v2\/media?parent=597"}],"curies":[{"name":"wp","href":"https:\/\/api.w.org\/{rel}","templated":true}]}}