{"id":595,"date":"2022-09-21T06:47:37","date_gmt":"2022-09-21T06:47:37","guid":{"rendered":"https:\/\/themexriver.com\/wp\/bloxic\/?page_id=595"},"modified":"2025-11-30T18:23:48","modified_gmt":"2025-11-30T18:23:48","slug":"about","status":"publish","type":"page","link":"https:\/\/mhkdecor.de\/en\/about\/","title":{"rendered":"About"},"content":{"rendered":"<div data-elementor-type=\"wp-page\" data-elementor-id=\"595\" class=\"elementor elementor-595\">\n\t\t\t\t\t\t<section class=\"elementor-section elementor-top-section elementor-element elementor-element-6901954 elementor-section-full_width elementor-section-height-default elementor-section-height-default\" data-id=\"6901954\" data-element_type=\"section\">\n\t\t\t\t\t\t<div class=\"elementor-container elementor-column-gap-no\">\n\t\t\t\t\t<div class=\"elementor-column elementor-col-100 elementor-top-column elementor-element elementor-element-0b9d511\" data-id=\"0b9d511\" data-element_type=\"column\">\n\t\t\t<div class=\"elementor-widget-wrap elementor-element-populated\">\n\t\t\t\t\t\t<div class=\"elementor-element elementor-element-84d465c elementor-widget elementor-widget-blox-breadcrumb-id\" data-id=\"84d465c\" data-element_type=\"widget\" data-widget_type=\"blox-breadcrumb-id.default\">\n\t\t\t\t<div class=\"elementor-widget-container\">\n\t\t\t\t\t    <!-- Page Title -->\r\n    <section class=\"page-title\">\r\n        <div class=\"auto-container\">\r\n\t\t\t<h2>\r\n                About us            <\/h2>\r\n\t\t\t<ul class=\"bread-crumb clearfix\"><li><a href=\"https:\/\/mhkdecor.de\/en\/\">Home &nbsp;<\/a><\/li><li><a href=\"https:\/\/mhkdecor.de\/en\/about\/\">About<\/a><\/li><\/ul>        <\/div>\r\n    <\/section>\r\n    <!-- End Page Title -->\r\n    \t\t\t\t<\/div>\n\t\t\t\t<\/div>\n\t\t\t\t\t<\/div>\n\t\t<\/div>\n\t\t\t\t\t<\/div>\n\t\t<\/section>\n\t\t\t\t<section class=\"elementor-section elementor-top-section elementor-element elementor-element-8d72592 elementor-section-full_width elementor-section-height-default elementor-section-height-default\" data-id=\"8d72592\" data-element_type=\"section\">\n\t\t\t\t\t\t<div class=\"elementor-container elementor-column-gap-no\">\n\t\t\t\t\t<div class=\"elementor-column elementor-col-100 elementor-top-column elementor-element elementor-element-53e993b\" data-id=\"53e993b\" data-element_type=\"column\">\n\t\t\t<div class=\"elementor-widget-wrap\">\n\t\t\t\t\t\t\t<\/div>\n\t\t<\/div>\n\t\t\t\t\t<\/div>\n\t\t<\/section>\n\t\t\t\t<section class=\"elementor-section elementor-top-section elementor-element elementor-element-a1deb55 elementor-section-full_width elementor-section-height-default elementor-section-height-default\" data-id=\"a1deb55\" data-element_type=\"section\">\n\t\t\t\t\t\t<div class=\"elementor-container elementor-column-gap-no\">\n\t\t\t\t\t<div class=\"elementor-column elementor-col-100 elementor-top-column elementor-element elementor-element-77baa6e\" data-id=\"77baa6e\" data-element_type=\"column\">\n\t\t\t<div class=\"elementor-widget-wrap elementor-element-populated\">\n\t\t\t\t\t\t<div class=\"elementor-element elementor-element-24eca92 elementor-widget elementor-widget-blox-about-id\" data-id=\"24eca92\" data-element_type=\"widget\" data-widget_type=\"blox-about-id.default\">\n\t\t\t\t<div class=\"elementor-widget-container\">\n\t\t\t\t\t    <!-- About Section -->\r\n\t<section class=\"about-section\">\r\n\t\t<div class=\"auto-container\">\r\n\t\t\t<div class=\"row clearfix\">\r\n\t\t\t\r\n\t\t\t\t<!-- Image Column -->\r\n\t\t\t\t<div class=\"image-column col-lg-6 col-md-12 col-sm-12\">\r\n\t\t\t\t\t<div class=\"inner-column\">\r\n\t\t\t\t\t\t<div class=\"image\">\r\n                            \t\t\t\t\t\t\t    <img decoding=\"async\" src=\"https:\/\/mhkdecor.de\/wp-content\/uploads\/2025\/10\/new.jpg\" alt=\"\" \/>\r\n                            \t\t\t\t\t\t\t\r\n\t\t\t\t\t\t\t<!-- Email Box -->\r\n                            \t\t\t\t\t\t\t<div class=\"years-box\">\r\n\t\t\t\t\t\t\t\t<span>20+<\/span> Years Of Experience \t\t\t\t\t\t\t<\/div>\r\n\t\t\t\t\t\t\t<!-- End Email Box -->\r\n\t\t\t\t\t\t\t\t\t\t\t\t\t\t<!-- Experiance Box -->\r\n\t\t\t\t\t\t\t<div class=\"experiance\">\r\n\t\t\t\t\t\t\t\t<div class=\"counter\"><span class=\"odometer\" data-count=\"26\"><\/span> +<\/div>\r\n                                \t\t\t\t\t\t\t\t    <span class=\"years\">years of <br> experince<\/span>\r\n                                \t\t\t\t\t\t\t<\/div>\r\n\t\t\t\t\t\t<\/div>\r\n\t\t\t\t\t<\/div>\r\n\t\t\t\t<\/div>\r\n\t\t\t\t\r\n\t\t\t\t<!-- content Column -->\r\n\t\t\t\t<div class=\"content-column col-lg-6 col-md-12 col-sm-12\">\r\n\t\t\t\t\t<div class=\"inner-column\">\r\n                        \t\t\t\t\t\t    <div class=\"title\">About Our Store<\/div>\r\n                                                \t\t\t\t\t\t    <h2>MHK Design Haus <br> Your specific area<\/h2>\r\n                        \r\n                        \t\t\t\t\t\t    <div class=\"text\">We offer everything that makes your home stylish and unique\n<br>Garden floors \u2013 artificial grass for walls (green wall)\n<br>Installation \u2013 Consultation \u2013 Fast &amp; Reliable Delivery Service\n<br>Quality, style and service \u2013 all under one roof<\/div>\r\n                        \r\n\t\t\t\t\t\t<ul class=\"options\">\r\n                        \t\t\t\t\t\t\t<li>\r\n                                <span class=\"icon\">\r\n                                                                    <\/span>\r\n                                                            <\/li>\r\n                            \t\t\t\t\t\t<\/ul>\r\n\t\t\t\t\t\t<ul class=\"check-list\">\r\n                            \t\t\t\t\t\t\t    <li> Ceramics \u2013 Decoration \u2013 Silicone \u2013 PVC materials<\/li>\r\n\t\t\t\t\t\t\t\t\t\t\t\t\t\t    <li> Interior lighting \u2013 modern decor ideas<\/li>\r\n\t\t\t\t\t\t\t\t\t\t\t\t\t<\/ul>\r\n                        \t\t\t\t\t<\/div>\r\n\t\t\t\t<\/div>\r\n\t\t\t\t\r\n\t\t\t<\/div>\r\n\t\t<\/div>\r\n\t<\/section>\r\n\t<!-- End About Section -->\r\n    \t\t\t\t<\/div>\n\t\t\t\t<\/div>\n\t\t\t\t<div class=\"elementor-element elementor-element-75e1bbf elementor-widget elementor-widget-blox-tabs-id\" data-id=\"75e1bbf\" data-element_type=\"widget\" data-widget_type=\"blox-tabs-id.default\">\n\t\t\t\t<div class=\"elementor-widget-container\">\n\t\t\t\t\t    <section class=\"sale-section-three\">\r\n\t\t<div class=\"auto-container\">\r\n\t\t\t<!-- Title Box -->\r\n\t\t\t<div class=\"title-box\">\r\n                \t\t\t\t<div class=\"title\">These panels are<\/div>\r\n                \r\n                \t\t\t\t    <h2>Create\/produce stunning designs <br> Furniture for your design<\/h2>\r\n                \t\t\t<\/div>\r\n\t\t\t\r\n\t\t\t<!-- Sale Info Tabs -->\r\n\t\t\t<div class=\"sale-info-tabs\">\r\n\t\t\t\t<!-- Sale Tabs -->\r\n\t\t\t\t<div class=\"sale-tabs tabs-box\">\r\n\t\t\t\t\r\n\t\t\t\t\t<!-- Tab Btns -->\r\n\t\t\t\t\t<ul class=\"tab-btns tab-buttons clearfix\">\r\n                        \t\t\t\t\t\t    <li data-tab=\"#prod-about4e22458\" class=\"tab-btn active-btn\">About us<\/li>\r\n                        \t\t\t\t\t\t    <li data-tab=\"#prod-about5d90bce\" class=\"tab-btn\">Objective<\/li>\r\n                        \t\t\t\t\t\t    <li data-tab=\"#prod-about3ad7a25\" class=\"tab-btn\">Excellent<\/li>\r\n                        \t\t\t\t\t<\/ul>\r\n\t\t\t\t\t\r\n\t\t\t\t\t<!-- Tabs Container -->\r\n\t\t\t\t\t<div class=\"tabs-content\">\r\n                    \t\t\t\t\t\t<!-- Tab \/ Active Tab -->\r\n\t\t\t\t\t\t<div class=\"tab active-tab\" id=\"prod-about4e22458\">\r\n\t\t\t\t\t\t\t<div class=\"content\">\r\n\t\t\t\t\t\t\t\t<p>Your partner for modern wall design, style and comfort.\n\nAt MHK DESIGN HAUS, we combine innovation, quality and aesthetics to transform your spaces into true feel-good oases.\nOur range includes acoustic walls, PVC marble panels, stone-look panels and artificial green walls \u2013 perfect for living spaces, offices, commercial spaces and outdoor areas.\n\nWhether luxurious marble look, natural stone texture or modern green design \u2013 we create atmospheres that inspire.\nWith our delivery service and professional installation service, we offer you everything from a single source \u2013 precise, reliable and on schedule.\n\nOur high-quality PVC panels uniquely combine functionality and aesthetics.\nWith their glossy surface and deep color intensity, they visually resemble epoxy resin \u2013 yet at significantly lower cost and with greater ease of processing.\nMHK DESIGN HAUS \u2013 Quality and design for every home.<\/p>\r\n\t\t\t\t\t\t\t\t<h5><\/h5>\r\n\t\t\t\t\t\t\t\t<div class=\"check-list-outer\">\r\n\t\t\t\t\t\t\t\t\t<div class=\"row clearfix\">\r\n\t\t\t\t\t\t\t\t\t\t<div class=\"column col-lg-6 col-md-6 col-sm-12\">\r\n                                            \t\t\t\t\t\t\t\t\t\t<\/div>\r\n\t\t\t\t\t\t\t\t\t\t<div class=\"column col-lg-6 col-md-6 col-sm-12\">\r\n                                            \t\t\t\t\t\t\t\t\t\t<\/div>\r\n\t\t\t\t\t\t\t\t\t<\/div>\r\n\t\t\t\t\t\t\t\t<\/div>\r\n\t\t\t\t\t\t\t<\/div>\r\n\t\t\t\t\t\t<\/div>\r\n\t\t\t\t\t\t\t\t\t\t\t\t<!-- Tab \/ Active Tab -->\r\n\t\t\t\t\t\t<div class=\"tab\" id=\"prod-about5d90bce\">\r\n\t\t\t\t\t\t\t<div class=\"content\">\r\n\t\t\t\t\t\t\t\t<p>\u2705 Leicht und robust<br>\n\u2705 Wasser- und UV-best\u00e4ndig<br>\n\u2705 Einfach zu schneiden, formen und verkleben<br>\n\u2705 In modernen, transparenten oder marmorierten Farben erh\u00e4ltlich<br>\n\u2705 Die ideale Alternative zu Epoxidharz \u2013 f\u00fcr Dekoration, M\u00f6belbau, Wandverkleidung und kreative Projekte<\/p>\r\n\t\t\t\t\t\t\t\t<h5><\/h5>\r\n\t\t\t\t\t\t\t\t<div class=\"check-list-outer\">\r\n\t\t\t\t\t\t\t\t\t<div class=\"row clearfix\">\r\n\t\t\t\t\t\t\t\t\t\t<div class=\"column col-lg-6 col-md-6 col-sm-12\">\r\n                                            \t\t\t\t\t\t\t\t\t\t<\/div>\r\n\t\t\t\t\t\t\t\t\t\t<div class=\"column col-lg-6 col-md-6 col-sm-12\">\r\n                                            \t\t\t\t\t\t\t\t\t\t<\/div>\r\n\t\t\t\t\t\t\t\t\t<\/div>\r\n\t\t\t\t\t\t\t\t<\/div>\r\n\t\t\t\t\t\t\t<\/div>\r\n\t\t\t\t\t\t<\/div>\r\n\t\t\t\t\t\t\t\t\t\t\t\t<!-- Tab \/ Active Tab -->\r\n\t\t\t\t\t\t<div class=\"tab\" id=\"prod-about3ad7a25\">\r\n\t\t\t\t\t\t\t<div class=\"content\">\r\n\t\t\t\t\t\t\t\t<p>Mit diesen PVC-Platten erreichen Sie die elegante Wirkung von Kunstharz \u2013 ganz ohne komplizierte Verarbeitung oder lange Aush\u00e4rtezeiten.<\/p>\r\n\t\t\t\t\t\t\t\t<h5><\/h5>\r\n\t\t\t\t\t\t\t\t<div class=\"check-list-outer\">\r\n\t\t\t\t\t\t\t\t\t<div class=\"row clearfix\">\r\n\t\t\t\t\t\t\t\t\t\t<div class=\"column col-lg-6 col-md-6 col-sm-12\">\r\n                                            \t\t\t\t\t\t\t\t\t\t<\/div>\r\n\t\t\t\t\t\t\t\t\t\t<div class=\"column col-lg-6 col-md-6 col-sm-12\">\r\n                                            \t\t\t\t\t\t\t\t\t\t<\/div>\r\n\t\t\t\t\t\t\t\t\t<\/div>\r\n\t\t\t\t\t\t\t\t<\/div>\r\n\t\t\t\t\t\t\t<\/div>\r\n\t\t\t\t\t\t<\/div>\r\n\t\t\t\t\t\t\t\t\t\t\t\t\r\n\t\t\t\t\t<\/div>\r\n\t\t\t\t<\/div>\r\n\t\t\t<\/div>\r\n\t\t\t\r\n\t\t<\/div>\r\n\t<\/section>\r\n    \t\t\t\t<\/div>\n\t\t\t\t<\/div>\n\t\t\t\t\t<\/div>\n\t\t<\/div>\n\t\t\t\t\t<\/div>\n\t\t<\/section>\n\t\t\t\t<section class=\"elementor-section elementor-top-section elementor-element elementor-element-3805dc6 elementor-section-full_width elementor-section-height-default elementor-section-height-default\" data-id=\"3805dc6\" data-element_type=\"section\">\n\t\t\t\t\t\t<div class=\"elementor-container elementor-column-gap-no\">\n\t\t\t\t\t<div class=\"elementor-column elementor-col-100 elementor-top-column elementor-element elementor-element-554ac0b\" data-id=\"554ac0b\" data-element_type=\"column\">\n\t\t\t<div class=\"elementor-widget-wrap elementor-element-populated\">\n\t\t\t\t\t\t<div class=\"elementor-element elementor-element-2f721c0 elementor-widget elementor-widget-blox-servicess-box-id\" data-id=\"2f721c0\" data-element_type=\"widget\" data-widget_type=\"blox-servicess-box-id.default\">\n\t\t\t\t<div class=\"elementor-widget-container\">\n\t\t\t\t\t    <section class=\"services-section-two\">\r\n\t\t<div class=\"auto-container\">\r\n\t\t\t<div class=\"inner-container\">\r\n\t\t\t\t<div class=\"row clearfix\">\r\n\t\t\t\t\t\t\t\t\t\t<!-- Service Block -->\r\n\t\t\t\t\t<div class=\"service-block col-lg-4 col-md-6 col-sm-12\">\r\n\t\t\t\t\t\t<div class=\"inner-box\">\r\n\t\t\t\t\t\t\t<div class=\"image\">\r\n\t\t\t\t\t\t\t\t<a href=\"#\"><img decoding=\"async\" src=\"https:\/\/mhkdecor.de\/wp-content\/uploads\/2025\/08\/WhatsApp-Image-2025-08-14-at-22.59.52.jpeg\" alt=\"\" \/><\/a>\r\n\t\t\t\t\t\t\t<\/div>\r\n\t\t\t\t\t\t\t<div class=\"lower-content\">\r\n\t\t\t\t\t\t\t\t<h5><a href=\"#\">Free shipping<\/a><\/h5>\r\n\t\t\t\t\t\t\t\t<div class=\"text\">Free shipping from ** \u20ac<\/div>\r\n\t\t\t\t\t\t\t<\/div>\r\n\t\t\t\t\t\t<\/div>\r\n\t\t\t\t\t<\/div>\r\n\t\t\t\t\t\t\t\t\t\t<!-- Service Block -->\r\n\t\t\t\t\t<div class=\"service-block col-lg-4 col-md-6 col-sm-12\">\r\n\t\t\t\t\t\t<div class=\"inner-box\">\r\n\t\t\t\t\t\t\t<div class=\"image\">\r\n\t\t\t\t\t\t\t\t<a href=\"#\"><img decoding=\"async\" src=\"https:\/\/mhkdecor.de\/wp-content\/uploads\/2025\/08\/WhatsApp-Image-2025-08-14-at-22.59.52-1.jpeg\" alt=\"\" \/><\/a>\r\n\t\t\t\t\t\t\t<\/div>\r\n\t\t\t\t\t\t\t<div class=\"lower-content\">\r\n\t\t\t\t\t\t\t\t<h5><a href=\"#\">24\/7 high-quality support<\/a><\/h5>\r\n\t\t\t\t\t\t\t\t<div class=\"text\">We are ready to help you<\/div>\r\n\t\t\t\t\t\t\t<\/div>\r\n\t\t\t\t\t\t<\/div>\r\n\t\t\t\t\t<\/div>\r\n\t\t\t\t\t\t\t\t\t\t<!-- Service Block -->\r\n\t\t\t\t\t<div class=\"service-block col-lg-4 col-md-6 col-sm-12\">\r\n\t\t\t\t\t\t<div class=\"inner-box\">\r\n\t\t\t\t\t\t\t<div class=\"image\">\r\n\t\t\t\t\t\t\t\t<a href=\"#\"><img decoding=\"async\" src=\"https:\/\/mhkdecor.de\/wp-content\/uploads\/2025\/10\/ChatGPT-Image-Oct-26-2025-12_56_18-AM.png\" alt=\"\" \/><\/a>\r\n\t\t\t\t\t\t\t<\/div>\r\n\t\t\t\t\t\t\t<div class=\"lower-content\">\r\n\t\t\t\t\t\t\t\t<h5><a href=\"#\">Assembly of furniture<\/a><\/h5>\r\n\t\t\t\t\t\t\t\t<div class=\"text\">Easy and fast assembly of your furniture<\/div>\r\n\t\t\t\t\t\t\t<\/div>\r\n\t\t\t\t\t\t<\/div>\r\n\t\t\t\t\t<\/div>\r\n\t\t\t\t\t\t\t\t\t\t\r\n\t\t\t\t<\/div>\r\n\t\t\t<\/div>\r\n\t\t<\/div>\r\n\t<\/section>\r\n    \t\t\t\t<\/div>\n\t\t\t\t<\/div>\n\t\t\t\t\t<\/div>\n\t\t<\/div>\n\t\t\t\t\t<\/div>\n\t\t<\/section>\n\t\t\t\t<section class=\"elementor-section elementor-top-section elementor-element elementor-element-dc55aed elementor-section-full_width elementor-section-height-default elementor-section-height-default\" data-id=\"dc55aed\" data-element_type=\"section\">\n\t\t\t\t\t\t<div class=\"elementor-container elementor-column-gap-no\">\n\t\t\t\t\t<div class=\"elementor-column elementor-col-100 elementor-top-column elementor-element elementor-element-2123d27\" data-id=\"2123d27\" data-element_type=\"column\">\n\t\t\t<div class=\"elementor-widget-wrap elementor-element-populated\">\n\t\t\t\t\t\t<div class=\"elementor-element elementor-element-c00a667 elementor-widget elementor-widget-blox-brans-id\" data-id=\"c00a667\" data-element_type=\"widget\" data-widget_type=\"blox-brans-id.default\">\n\t\t\t\t<div class=\"elementor-widget-container\">\n\t\t\t\t\t    <!-- Brand Section -->\r\n\t<section class=\"brand-section\">\r\n\t\t<div class=\"outer-container\">\r\n\t\t\t<div class=\"animation_mode\">\r\n                \t\t\t\t<h1><\/h1>\r\n\r\n                \t\t\t\t    <img decoding=\"async\" src=\"https:\/\/mhkdecor.de\/wp-content\/uploads\/2025\/08\/WhatsApp-Image-2025-08-17-at-18.32.57.jpeg\" alt=\"\" \/>\r\n                \r\n                \r\n                \t\t\t\t    <img decoding=\"async\" src=\"https:\/\/mhkdecor.de\/wp-content\/uploads\/2025\/08\/WhatsApp-Image-2025-08-17-at-17.22.03-2.jpeg\" alt=\"\" \/>\r\n                \r\n\t\t\t\t<h1><\/h1>\r\n\r\n                \t\t\t\t<h1><\/h1>\r\n\r\n                \r\n                \r\n                \r\n\t\t\t\t<h1><\/h1>\r\n\r\n                \t\t\t\t<h1><\/h1>\r\n\r\n                \t\t\t\t    <img decoding=\"async\" src=\"https:\/\/mhkdecor.de\/wp-content\/uploads\/2025\/08\/WhatsApp-Image-2025-08-17-at-17.22.03-1.jpeg\" alt=\"\" \/>\r\n                \r\n                \r\n                \r\n\t\t\t\t<h1><\/h1>\r\n\r\n                \t\t\t<\/div>\r\n\t\t<\/div>\r\n\t<\/section>\r\n\t<!-- End Brand Section -->\r\n    \t\t\t\t<\/div>\n\t\t\t\t<\/div>\n\t\t\t\t\t<\/div>\n\t\t<\/div>\n\t\t\t\t\t<\/div>\n\t\t<\/section>\n\t\t\t\t<\/div>","protected":false},"excerpt":{"rendered":"<p>\u00dcber uns Home &nbsp; About 20+ Years Of Experience + years of experince \u00dcber unseren Store MHK Design Haus Ihr spezifischer Bereich Wir bieten alles, was Dein Zuhause stilvoll und besonders macht: \ud83c\udf3f Gartenb\u00f6den \u2013 k\u00fcnstlicher Rasen f\u00fcr W\u00e4nde (Gr\u00fcne Wand) \ud83d\udce6 Montage \u2013 Beratung \u2013 schneller &amp; zuverl\u00e4ssiger Lieferservice \ud83d\udc8e Qualit\u00e4t, Stil und Service [&hellip;]<\/p>","protected":false},"author":2,"featured_media":0,"parent":0,"menu_order":0,"comment_status":"closed","ping_status":"closed","template":"bloxic-template.php","meta":{"footnotes":""},"class_list":["post-595","page","type-page","status-publish","hentry"],"_links":{"self":[{"href":"https:\/\/mhkdecor.de\/en\/wp-json\/wp\/v2\/pages\/595","targetHints":{"allow":["GET"]}}],"collection":[{"href":"https:\/\/mhkdecor.de\/en\/wp-json\/wp\/v2\/pages"}],"about":[{"href":"https:\/\/mhkdecor.de\/en\/wp-json\/wp\/v2\/types\/page"}],"author":[{"embeddable":true,"href":"https:\/\/mhkdecor.de\/en\/wp-json\/wp\/v2\/users\/2"}],"replies":[{"embeddable":true,"href":"https:\/\/mhkdecor.de\/en\/wp-json\/wp\/v2\/comments?post=595"}],"version-history":[{"count":50,"href":"https:\/\/mhkdecor.de\/en\/wp-json\/wp\/v2\/pages\/595\/revisions"}],"predecessor-version":[{"id":2042,"href":"https:\/\/mhkdecor.de\/en\/wp-json\/wp\/v2\/pages\/595\/revisions\/2042"}],"wp:attachment":[{"href":"https:\/\/mhkdecor.de\/en\/wp-json\/wp\/v2\/media?parent=595"}],"curies":[{"name":"wp","href":"https:\/\/api.w.org\/{rel}","templated":true}]}}